{"id":19,"date":"2022-03-02T16:35:30","date_gmt":"2022-03-02T16:35:30","guid":{"rendered":"https:\/\/hotpint.com\/?page_id=30"},"modified":"2023-04-29T17:56:54","modified_gmt":"2023-04-29T17:56:54","slug":"cataleg-de-productes-hotpint","status":"publish","type":"page","link":"https:\/\/hotpint.com\/cat\/cataleg-de-productes-hotpint\/","title":{"rendered":"CAT\u00c0LEG"},"content":{"rendered":"<p>[et_pb_section fb_built=&#8221;1&#8243; _builder_version=&#8221;4.16&#8243; background_color=&#8221;#35939e&#8221; background_image=&#8221;https:\/\/hotpint.com\/cat\/wp-content\/uploads\/sites\/4\/2022\/03\/fondo-cabecera-catalogo.jpg&#8221; custom_padding=&#8221;2%|||&#8221; locked=&#8221;off&#8221; global_colors_info=&#8221;{}&#8221;][et_pb_row _builder_version=&#8221;4.16&#8243; global_colors_info=&#8221;{}&#8221;][et_pb_column type=&#8221;4_4&#8243; _builder_version=&#8221;4.16&#8243; custom_padding=&#8221;|||&#8221; global_colors_info=&#8221;{}&#8221; custom_padding__hover=&#8221;|||&#8221;][et_pb_text _builder_version=&#8221;4.20.4&#8243; text_font=&#8221;Open Sans Condensed|on||on|&#8221; text_text_color=&#8221;#ffffff&#8221; text_font_size=&#8221;40&#8243; text_line_height=&#8221;1.2em&#8221; text_orientation=&#8221;center&#8221; module_alignment=&#8221;center&#8221; custom_padding=&#8221;18px||2px|||&#8221; hover_enabled=&#8221;0&#8243; text_font_size_tablet=&#8221;35&#8243; text_font_size_phone=&#8221;25&#8243; text_font_size_last_edited=&#8221;on|phone&#8221; global_colors_info=&#8221;{}&#8221; sticky_enabled=&#8221;0&#8243;]<\/p>\n<p>CAT\u00c0LEGS<\/p>\n<p>[\/et_pb_text][\/et_pb_column][\/et_pb_row][\/et_pb_section][et_pb_section fb_built=&#8221;1&#8243; _builder_version=&#8221;4.16&#8243; _module_preset=&#8221;default&#8221; custom_padding=&#8221;18px|||||&#8221; global_colors_info=&#8221;{}&#8221;][et_pb_row use_custom_gutter=&#8221;on&#8221; gutter_width=&#8221;2&#8243; make_equal=&#8221;on&#8221; _builder_version=&#8221;4.16&#8243; _module_preset=&#8221;default&#8221; width=&#8221;97%&#8221; max_width=&#8221;100%&#8221; module_alignment=&#8221;center&#8221; custom_margin=&#8221;||||false|false&#8221; global_colors_info=&#8221;{}&#8221;][et_pb_column type=&#8221;4_4&#8243; _builder_version=&#8221;4.16&#8243; _module_preset=&#8221;default&#8221; global_colors_info=&#8221;{}&#8221;][et_pb_filterable_portfolio fullwidth=&#8221;off&#8221; posts_number=&#8221;100&#8243; include_categories=&#8221;3,10,9,13,6,8,7,28&#8243; show_pagination=&#8221;off&#8221; hover_overlay_color=&#8221;rgba(255,255,255,0.68)&#8221; module_class=&#8221;divi-custom-margin&#8221; _builder_version=&#8221;4.19.5&#8243; _module_preset=&#8221;default&#8221; title_font=&#8221;Arial||||||||&#8221; title_font_size=&#8221;24px&#8221; caption_font_size=&#8221;18px&#8221; global_colors_info=&#8221;{}&#8221;][\/et_pb_filterable_portfolio][\/et_pb_column][\/et_pb_row][\/et_pb_section]<\/p>\n","protected":false},"excerpt":{"rendered":"<p>CAT\u00c0LEGS<\/p>\n","protected":false},"author":2,"featured_media":20,"parent":0,"menu_order":0,"comment_status":"closed","ping_status":"closed","template":"","meta":{"_et_pb_use_builder":"on","_et_pb_old_content":"","_et_gb_content_width":"","footnotes":""},"class_list":["post-19","page","type-page","status-publish","has-post-thumbnail","hentry"],"yoast_head":"<!-- This site is optimized with the Yoast SEO Premium plugin v20.10 (Yoast SEO v25.5) - https:\/\/yoast.com\/wordpress\/plugins\/seo\/ -->\n<title>Cat\u00e0leg de productes Hotpint<\/title>\n<meta name=\"description\" content=\"Cat\u00e0leg de productes Hotpint. Llindes met\u00e0l\u00b7liques, marcs perimetrals, acabaments de xemeneies, abocadors, cobremurs, perfils, tancaments exteriors\" \/>\n<meta name=\"robots\" content=\"index, follow, max-snippet:-1, max-image-preview:large, max-video-preview:-1\" \/>\n<link rel=\"canonical\" href=\"https:\/\/hotpint.com\/cat\/cataleg-de-productes-hotpint\/\" \/>\n<meta property=\"og:locale\" content=\"ca_ES\" \/>\n<meta property=\"og:type\" content=\"article\" \/>\n<meta property=\"og:title\" content=\"CAT\u00c0LEG\" \/>\n<meta property=\"og:description\" content=\"Cat\u00e0leg de productes Hotpint. Llindes met\u00e0l\u00b7liques, marcs perimetrals, acabaments de xemeneies, abocadors, cobremurs, perfils, tancaments exteriors\" \/>\n<meta property=\"og:url\" content=\"https:\/\/hotpint.com\/cat\/cataleg-de-productes-hotpint\/\" \/>\n<meta property=\"og:site_name\" content=\"Hotpint Solucions\" \/>\n<meta property=\"article:modified_time\" content=\"2023-04-29T17:56:54+00:00\" \/>\n<meta property=\"og:image\" content=\"https:\/\/hotpint.com\/cat\/wp-content\/uploads\/sites\/4\/2022\/03\/hotpint-dintel-stm-03.jpg\" \/>\n\t<meta property=\"og:image:width\" content=\"800\" \/>\n\t<meta property=\"og:image:height\" content=\"600\" \/>\n\t<meta property=\"og:image:type\" content=\"image\/jpeg\" \/>\n<meta name=\"twitter:card\" content=\"summary_large_image\" \/>\n<meta name=\"twitter:label1\" content=\"Temps estimat de lectura\" \/>\n\t<meta name=\"twitter:data1\" content=\"1 minut\" \/>\n<script type=\"application\/ld+json\" class=\"yoast-schema-graph\">{\"@context\":\"https:\/\/schema.org\",\"@graph\":[{\"@type\":\"WebPage\",\"@id\":\"https:\/\/hotpint.com\/cat\/cataleg-de-productes-hotpint\/\",\"url\":\"https:\/\/hotpint.com\/cat\/cataleg-de-productes-hotpint\/\",\"name\":\"Cat\u00e0leg de productes Hotpint\",\"isPartOf\":{\"@id\":\"https:\/\/hotpint.com\/cat\/#website\"},\"primaryImageOfPage\":{\"@id\":\"https:\/\/hotpint.com\/cat\/cataleg-de-productes-hotpint\/#primaryimage\"},\"image\":{\"@id\":\"https:\/\/hotpint.com\/cat\/cataleg-de-productes-hotpint\/#primaryimage\"},\"thumbnailUrl\":\"https:\/\/hotpint.com\/cat\/wp-content\/uploads\/sites\/4\/2022\/03\/hotpint-dintel-stm-03.jpg\",\"datePublished\":\"2022-03-02T16:35:30+00:00\",\"dateModified\":\"2023-04-29T17:56:54+00:00\",\"description\":\"Cat\u00e0leg de productes Hotpint. Llindes met\u00e0l\u00b7liques, marcs perimetrals, acabaments de xemeneies, abocadors, cobremurs, perfils, tancaments exteriors\",\"breadcrumb\":{\"@id\":\"https:\/\/hotpint.com\/cat\/cataleg-de-productes-hotpint\/#breadcrumb\"},\"inLanguage\":\"ca\",\"potentialAction\":[{\"@type\":\"ReadAction\",\"target\":[\"https:\/\/hotpint.com\/cat\/cataleg-de-productes-hotpint\/\"]}]},{\"@type\":\"ImageObject\",\"inLanguage\":\"ca\",\"@id\":\"https:\/\/hotpint.com\/cat\/cataleg-de-productes-hotpint\/#primaryimage\",\"url\":\"https:\/\/hotpint.com\/cat\/wp-content\/uploads\/sites\/4\/2022\/03\/hotpint-dintel-stm-03.jpg\",\"contentUrl\":\"https:\/\/hotpint.com\/cat\/wp-content\/uploads\/sites\/4\/2022\/03\/hotpint-dintel-stm-03.jpg\",\"width\":800,\"height\":600,\"caption\":\"hotpint llindes met\u00e0l\u00b7liques stm\"},{\"@type\":\"BreadcrumbList\",\"@id\":\"https:\/\/hotpint.com\/cat\/cataleg-de-productes-hotpint\/#breadcrumb\",\"itemListElement\":[{\"@type\":\"ListItem\",\"position\":1,\"name\":\"Portada\",\"item\":\"https:\/\/hotpint.com\/cat\/\"},{\"@type\":\"ListItem\",\"position\":2,\"name\":\"CAT\u00c0LEG\"}]},{\"@type\":\"WebSite\",\"@id\":\"https:\/\/hotpint.com\/cat\/#website\",\"url\":\"https:\/\/hotpint.com\/cat\/\",\"name\":\"Hotpint Solucions\",\"description\":\"Experts en l&#039;acabat i el manipulat de productes metal\u00b7l\u00fargics manufacturats\",\"potentialAction\":[{\"@type\":\"SearchAction\",\"target\":{\"@type\":\"EntryPoint\",\"urlTemplate\":\"https:\/\/hotpint.com\/cat\/?s={search_term_string}\"},\"query-input\":{\"@type\":\"PropertyValueSpecification\",\"valueRequired\":true,\"valueName\":\"search_term_string\"}}],\"inLanguage\":\"ca\"}]}<\/script>\n<!-- \/ Yoast SEO Premium plugin. -->","yoast_head_json":{"title":"Cat\u00e0leg de productes Hotpint","description":"Cat\u00e0leg de productes Hotpint. Llindes met\u00e0l\u00b7liques, marcs perimetrals, acabaments de xemeneies, abocadors, cobremurs, perfils, tancaments exteriors","robots":{"index":"index","follow":"follow","max-snippet":"max-snippet:-1","max-image-preview":"max-image-preview:large","max-video-preview":"max-video-preview:-1"},"canonical":"https:\/\/hotpint.com\/cat\/cataleg-de-productes-hotpint\/","og_locale":"ca_ES","og_type":"article","og_title":"CAT\u00c0LEG","og_description":"Cat\u00e0leg de productes Hotpint. Llindes met\u00e0l\u00b7liques, marcs perimetrals, acabaments de xemeneies, abocadors, cobremurs, perfils, tancaments exteriors","og_url":"https:\/\/hotpint.com\/cat\/cataleg-de-productes-hotpint\/","og_site_name":"Hotpint Solucions","article_modified_time":"2023-04-29T17:56:54+00:00","og_image":[{"width":800,"height":600,"url":"https:\/\/hotpint.com\/cat\/wp-content\/uploads\/sites\/4\/2022\/03\/hotpint-dintel-stm-03.jpg","type":"image\/jpeg"}],"twitter_card":"summary_large_image","twitter_misc":{"Temps estimat de lectura":"1 minut"},"schema":{"@context":"https:\/\/schema.org","@graph":[{"@type":"WebPage","@id":"https:\/\/hotpint.com\/cat\/cataleg-de-productes-hotpint\/","url":"https:\/\/hotpint.com\/cat\/cataleg-de-productes-hotpint\/","name":"Cat\u00e0leg de productes Hotpint","isPartOf":{"@id":"https:\/\/hotpint.com\/cat\/#website"},"primaryImageOfPage":{"@id":"https:\/\/hotpint.com\/cat\/cataleg-de-productes-hotpint\/#primaryimage"},"image":{"@id":"https:\/\/hotpint.com\/cat\/cataleg-de-productes-hotpint\/#primaryimage"},"thumbnailUrl":"https:\/\/hotpint.com\/cat\/wp-content\/uploads\/sites\/4\/2022\/03\/hotpint-dintel-stm-03.jpg","datePublished":"2022-03-02T16:35:30+00:00","dateModified":"2023-04-29T17:56:54+00:00","description":"Cat\u00e0leg de productes Hotpint. Llindes met\u00e0l\u00b7liques, marcs perimetrals, acabaments de xemeneies, abocadors, cobremurs, perfils, tancaments exteriors","breadcrumb":{"@id":"https:\/\/hotpint.com\/cat\/cataleg-de-productes-hotpint\/#breadcrumb"},"inLanguage":"ca","potentialAction":[{"@type":"ReadAction","target":["https:\/\/hotpint.com\/cat\/cataleg-de-productes-hotpint\/"]}]},{"@type":"ImageObject","inLanguage":"ca","@id":"https:\/\/hotpint.com\/cat\/cataleg-de-productes-hotpint\/#primaryimage","url":"https:\/\/hotpint.com\/cat\/wp-content\/uploads\/sites\/4\/2022\/03\/hotpint-dintel-stm-03.jpg","contentUrl":"https:\/\/hotpint.com\/cat\/wp-content\/uploads\/sites\/4\/2022\/03\/hotpint-dintel-stm-03.jpg","width":800,"height":600,"caption":"hotpint llindes met\u00e0l\u00b7liques stm"},{"@type":"BreadcrumbList","@id":"https:\/\/hotpint.com\/cat\/cataleg-de-productes-hotpint\/#breadcrumb","itemListElement":[{"@type":"ListItem","position":1,"name":"Portada","item":"https:\/\/hotpint.com\/cat\/"},{"@type":"ListItem","position":2,"name":"CAT\u00c0LEG"}]},{"@type":"WebSite","@id":"https:\/\/hotpint.com\/cat\/#website","url":"https:\/\/hotpint.com\/cat\/","name":"Hotpint Solucions","description":"Experts en l&#039;acabat i el manipulat de productes metal\u00b7l\u00fargics manufacturats","potentialAction":[{"@type":"SearchAction","target":{"@type":"EntryPoint","urlTemplate":"https:\/\/hotpint.com\/cat\/?s={search_term_string}"},"query-input":{"@type":"PropertyValueSpecification","valueRequired":true,"valueName":"search_term_string"}}],"inLanguage":"ca"}]}},"_links":{"self":[{"href":"https:\/\/hotpint.com\/cat\/wp-json\/wp\/v2\/pages\/19"}],"collection":[{"href":"https:\/\/hotpint.com\/cat\/wp-json\/wp\/v2\/pages"}],"about":[{"href":"https:\/\/hotpint.com\/cat\/wp-json\/wp\/v2\/types\/page"}],"author":[{"embeddable":true,"href":"https:\/\/hotpint.com\/cat\/wp-json\/wp\/v2\/users\/2"}],"replies":[{"embeddable":true,"href":"https:\/\/hotpint.com\/cat\/wp-json\/wp\/v2\/comments?post=19"}],"version-history":[{"count":7,"href":"https:\/\/hotpint.com\/cat\/wp-json\/wp\/v2\/pages\/19\/revisions"}],"predecessor-version":[{"id":664,"href":"https:\/\/hotpint.com\/cat\/wp-json\/wp\/v2\/pages\/19\/revisions\/664"}],"wp:featuredmedia":[{"embeddable":true,"href":"https:\/\/hotpint.com\/cat\/wp-json\/wp\/v2\/media\/20"}],"wp:attachment":[{"href":"https:\/\/hotpint.com\/cat\/wp-json\/wp\/v2\/media?parent=19"}],"curies":[{"name":"wp","href":"https:\/\/api.w.org\/{rel}","templated":true}]}}