{"id":67,"date":"2022-03-25T12:11:35","date_gmt":"2022-03-25T12:11:35","guid":{"rendered":"https:\/\/hotpint.com\/?page_id=653"},"modified":"2023-09-26T19:02:02","modified_gmt":"2023-09-26T19:02:02","slug":"descarregues","status":"publish","type":"page","link":"https:\/\/hotpint.com\/cat\/descarregues\/","title":{"rendered":"DESCARREGUES"},"content":{"rendered":"<p>[et_pb_section fb_built=&#8221;1&#8243; disabled_on=&#8221;off|off|off&#8221; _builder_version=&#8221;4.18.0&#8243; background_color=&#8221;#35939e&#8221; background_image=&#8221;https:\/\/hotpint.com\/cat\/wp-content\/uploads\/sites\/4\/2022\/10\/hotpint-descarregues.jpg&#8221; custom_padding=&#8221;2%|||&#8221; global_colors_info=&#8221;{}&#8221;][et_pb_row disabled_on=&#8221;on|off|off&#8221; _builder_version=&#8221;4.16&#8243; global_colors_info=&#8221;{}&#8221;][et_pb_column type=&#8221;4_4&#8243; _builder_version=&#8221;4.16&#8243; custom_padding=&#8221;|||&#8221; global_colors_info=&#8221;{}&#8221; custom_padding__hover=&#8221;|||&#8221;][et_pb_text disabled_on=&#8221;off|on|on&#8221; _builder_version=&#8221;4.18.0&#8243; text_font=&#8221;Open Sans Condensed|on||on|&#8221; text_text_color=&#8221;#ffffff&#8221; text_font_size=&#8221;40&#8243; text_line_height=&#8221;1.2em&#8221; text_orientation=&#8221;center&#8221; module_alignment=&#8221;center&#8221; custom_padding=&#8221;18px||2px|||&#8221; hover_enabled=&#8221;0&#8243; text_font_size_tablet=&#8221;35&#8243; text_font_size_phone=&#8221;25&#8243; text_font_size_last_edited=&#8221;on|phone&#8221; global_colors_info=&#8221;{}&#8221; sticky_enabled=&#8221;0&#8243;]<\/p>\n<p><span>DESC\u00c0RREGUES<\/span><\/p>\n<p>[\/et_pb_text][\/et_pb_column][\/et_pb_row][\/et_pb_section][et_pb_section fb_built=&#8221;1&#8243; _builder_version=&#8221;4.16&#8243; _module_preset=&#8221;default&#8221; global_colors_info=&#8221;{}&#8221;][et_pb_row column_structure=&#8221;3_5,2_5&#8243; _builder_version=&#8221;4.16&#8243; _module_preset=&#8221;default&#8221; global_colors_info=&#8221;{}&#8221;][et_pb_column type=&#8221;3_5&#8243; _builder_version=&#8221;4.16&#8243; _module_preset=&#8221;default&#8221; global_colors_info=&#8221;{}&#8221;][et_pb_text _builder_version=&#8221;4.18.0&#8243; _module_preset=&#8221;default&#8221; text_font_size=&#8221;24px&#8221; global_colors_info=&#8221;{}&#8221;]<\/p>\n<p style=\"text-align: center;\">Desc\u00e0rrega tots els nostres cat\u00e0legs<\/p>\n<p>[\/et_pb_text][et_pb_button button_url=&#8221;https:\/\/hotpint.com\/cat\/wp-content\/uploads\/sites\/4\/2023\/09\/Cataleg-36-paginas-hotpint-240423-CAT.pdf&#8221; button_text=&#8221; Cat\u00e0leg general&#8221; button_alignment=&#8221;center&#8221; _builder_version=&#8221;4.22.2&#8243; _module_preset=&#8221;default&#8221; custom_button=&#8221;on&#8221; button_text_size=&#8221;21px&#8221; button_text_color=&#8221;#FFFFFF&#8221; button_bg_color=&#8221;#fc5000&#8243; button_icon=&#8221;&#xe071;||divi||400&#8243; custom_margin=&#8221;||13px|||&#8221; custom_css_main_element=&#8221;width: 100%;&#8221; global_colors_info=&#8221;{}&#8221;][\/et_pb_button][et_pb_button button_url=&#8221;https:\/\/hotpint.com\/cat\/wp-content\/uploads\/sites\/4\/2023\/09\/Diptic-hotpint-enmarcs-perimetrals-CAT-comprimido.pdf&#8221; button_text=&#8221;Enmarcs perimetrals&#8221; button_alignment=&#8221;center&#8221; _builder_version=&#8221;4.22.2&#8243; _module_preset=&#8221;default&#8221; custom_button=&#8221;on&#8221; button_text_size=&#8221;21px&#8221; button_text_color=&#8221;#FFFFFF&#8221; button_bg_color=&#8221;#fc5000&#8243; button_icon=&#8221;&#xe071;||divi||400&#8243; hover_enabled=&#8221;0&#8243; custom_css_main_element=&#8221;width: 100%;&#8221; global_colors_info=&#8221;{}&#8221; sticky_enabled=&#8221;0&#8243;][\/et_pb_button][\/et_pb_column][et_pb_column type=&#8221;2_5&#8243; _builder_version=&#8221;4.16&#8243; _module_preset=&#8221;default&#8221; background_color=&#8221;#e8e8e8&#8243; custom_padding=&#8221;10px||10px||false|false&#8221; animation_style=&#8221;fade&#8221; global_colors_info=&#8221;{}&#8221;][et_pb_text _builder_version=&#8221;4.18.0&#8243; _module_preset=&#8221;default&#8221; custom_margin=&#8221;||5px||false|false&#8221; global_colors_info=&#8221;{}&#8221;]<\/p>\n<p style=\"text-align: center;\"><img loading=\"lazy\" decoding=\"async\" src=\"https:\/\/hotpint.com\/cat\/wp-content\/uploads\/sites\/4\/2022\/08\/zonaclientes-e1647522195757.png\" width=\"100\" height=\"100\" alt=\"\" class=\"wp-image-276 alignnone size-full\" \/><\/p>\n<p>[\/et_pb_text][et_pb_text _builder_version=&#8221;4.18.0&#8243; _module_preset=&#8221;default&#8221; text_font_size=&#8221;20px&#8221; global_colors_info=&#8221;{}&#8221;]<\/p>\n<p style=\"text-align: center;\"><strong>Accedeix a la teva<\/strong><br \/><strong>\u00e0rea de client<\/strong><\/p>\n<p>[\/et_pb_text][\/et_pb_column][\/et_pb_row][\/et_pb_section]<\/p>\n","protected":false},"excerpt":{"rendered":"<p>DESC\u00c0RREGUESDesc\u00e0rrega tots els nostres cat\u00e0legsAccedeix a la teva\u00e0rea de client<\/p>\n","protected":false},"author":2,"featured_media":0,"parent":0,"menu_order":0,"comment_status":"closed","ping_status":"closed","template":"","meta":{"_et_pb_use_builder":"on","_et_pb_old_content":"","_et_gb_content_width":"","footnotes":""},"class_list":["post-67","page","type-page","status-publish","hentry"],"yoast_head":"<!-- This site is optimized with the Yoast SEO Premium plugin v20.10 (Yoast SEO v25.5) - https:\/\/yoast.com\/wordpress\/plugins\/seo\/ -->\n<title>DESCARREGUES | Hotpint Solucions<\/title>\n<meta name=\"robots\" content=\"index, follow, max-snippet:-1, max-image-preview:large, max-video-preview:-1\" \/>\n<link rel=\"canonical\" href=\"https:\/\/hotpint.com\/cat\/descarregues\/\" \/>\n<meta property=\"og:locale\" content=\"ca_ES\" \/>\n<meta property=\"og:type\" content=\"article\" \/>\n<meta property=\"og:title\" content=\"DESCARREGUES\" \/>\n<meta property=\"og:description\" content=\"DESC\u00c0RREGUESDesc\u00e0rrega tots els nostres cat\u00e0legsAccedeix a la teva\u00e0rea de client\" \/>\n<meta property=\"og:url\" content=\"https:\/\/hotpint.com\/cat\/descarregues\/\" \/>\n<meta property=\"og:site_name\" content=\"Hotpint Solucions\" \/>\n<meta property=\"article:modified_time\" content=\"2023-09-26T19:02:02+00:00\" \/>\n<meta property=\"og:image\" content=\"https:\/\/hotpint.com\/cat\/wp-content\/uploads\/sites\/4\/2022\/08\/zonaclientes-e1647522195757.png\" \/>\n<meta name=\"twitter:card\" content=\"summary_large_image\" \/>\n<meta name=\"twitter:label1\" content=\"Temps estimat de lectura\" \/>\n\t<meta name=\"twitter:data1\" content=\"1 minut\" \/>\n<script type=\"application\/ld+json\" class=\"yoast-schema-graph\">{\"@context\":\"https:\/\/schema.org\",\"@graph\":[{\"@type\":\"WebPage\",\"@id\":\"https:\/\/hotpint.com\/cat\/descarregues\/\",\"url\":\"https:\/\/hotpint.com\/cat\/descarregues\/\",\"name\":\"DESCARREGUES | Hotpint Solucions\",\"isPartOf\":{\"@id\":\"https:\/\/hotpint.com\/cat\/#website\"},\"primaryImageOfPage\":{\"@id\":\"https:\/\/hotpint.com\/cat\/descarregues\/#primaryimage\"},\"image\":{\"@id\":\"https:\/\/hotpint.com\/cat\/descarregues\/#primaryimage\"},\"thumbnailUrl\":\"https:\/\/hotpint.com\/cat\/wp-content\/uploads\/sites\/4\/2022\/08\/zonaclientes-e1647522195757.png\",\"datePublished\":\"2022-03-25T12:11:35+00:00\",\"dateModified\":\"2023-09-26T19:02:02+00:00\",\"breadcrumb\":{\"@id\":\"https:\/\/hotpint.com\/cat\/descarregues\/#breadcrumb\"},\"inLanguage\":\"ca\",\"potentialAction\":[{\"@type\":\"ReadAction\",\"target\":[\"https:\/\/hotpint.com\/cat\/descarregues\/\"]}]},{\"@type\":\"ImageObject\",\"inLanguage\":\"ca\",\"@id\":\"https:\/\/hotpint.com\/cat\/descarregues\/#primaryimage\",\"url\":\"https:\/\/hotpint.com\/cat\/wp-content\/uploads\/sites\/4\/2022\/08\/zonaclientes-e1647522195757.png\",\"contentUrl\":\"https:\/\/hotpint.com\/cat\/wp-content\/uploads\/sites\/4\/2022\/08\/zonaclientes-e1647522195757.png\",\"width\":100,\"height\":100,\"caption\":\"hotpint zona clients\"},{\"@type\":\"BreadcrumbList\",\"@id\":\"https:\/\/hotpint.com\/cat\/descarregues\/#breadcrumb\",\"itemListElement\":[{\"@type\":\"ListItem\",\"position\":1,\"name\":\"Portada\",\"item\":\"https:\/\/hotpint.com\/cat\/\"},{\"@type\":\"ListItem\",\"position\":2,\"name\":\"DESCARREGUES\"}]},{\"@type\":\"WebSite\",\"@id\":\"https:\/\/hotpint.com\/cat\/#website\",\"url\":\"https:\/\/hotpint.com\/cat\/\",\"name\":\"Hotpint Solucions\",\"description\":\"Experts en l&#039;acabat i el manipulat de productes metal\u00b7l\u00fargics manufacturats\",\"potentialAction\":[{\"@type\":\"SearchAction\",\"target\":{\"@type\":\"EntryPoint\",\"urlTemplate\":\"https:\/\/hotpint.com\/cat\/?s={search_term_string}\"},\"query-input\":{\"@type\":\"PropertyValueSpecification\",\"valueRequired\":true,\"valueName\":\"search_term_string\"}}],\"inLanguage\":\"ca\"}]}<\/script>\n<!-- \/ Yoast SEO Premium plugin. -->","yoast_head_json":{"title":"DESCARREGUES | Hotpint Solucions","robots":{"index":"index","follow":"follow","max-snippet":"max-snippet:-1","max-image-preview":"max-image-preview:large","max-video-preview":"max-video-preview:-1"},"canonical":"https:\/\/hotpint.com\/cat\/descarregues\/","og_locale":"ca_ES","og_type":"article","og_title":"DESCARREGUES","og_description":"DESC\u00c0RREGUESDesc\u00e0rrega tots els nostres cat\u00e0legsAccedeix a la teva\u00e0rea de client","og_url":"https:\/\/hotpint.com\/cat\/descarregues\/","og_site_name":"Hotpint Solucions","article_modified_time":"2023-09-26T19:02:02+00:00","og_image":[{"url":"https:\/\/hotpint.com\/cat\/wp-content\/uploads\/sites\/4\/2022\/08\/zonaclientes-e1647522195757.png","type":"","width":"","height":""}],"twitter_card":"summary_large_image","twitter_misc":{"Temps estimat de lectura":"1 minut"},"schema":{"@context":"https:\/\/schema.org","@graph":[{"@type":"WebPage","@id":"https:\/\/hotpint.com\/cat\/descarregues\/","url":"https:\/\/hotpint.com\/cat\/descarregues\/","name":"DESCARREGUES | Hotpint Solucions","isPartOf":{"@id":"https:\/\/hotpint.com\/cat\/#website"},"primaryImageOfPage":{"@id":"https:\/\/hotpint.com\/cat\/descarregues\/#primaryimage"},"image":{"@id":"https:\/\/hotpint.com\/cat\/descarregues\/#primaryimage"},"thumbnailUrl":"https:\/\/hotpint.com\/cat\/wp-content\/uploads\/sites\/4\/2022\/08\/zonaclientes-e1647522195757.png","datePublished":"2022-03-25T12:11:35+00:00","dateModified":"2023-09-26T19:02:02+00:00","breadcrumb":{"@id":"https:\/\/hotpint.com\/cat\/descarregues\/#breadcrumb"},"inLanguage":"ca","potentialAction":[{"@type":"ReadAction","target":["https:\/\/hotpint.com\/cat\/descarregues\/"]}]},{"@type":"ImageObject","inLanguage":"ca","@id":"https:\/\/hotpint.com\/cat\/descarregues\/#primaryimage","url":"https:\/\/hotpint.com\/cat\/wp-content\/uploads\/sites\/4\/2022\/08\/zonaclientes-e1647522195757.png","contentUrl":"https:\/\/hotpint.com\/cat\/wp-content\/uploads\/sites\/4\/2022\/08\/zonaclientes-e1647522195757.png","width":100,"height":100,"caption":"hotpint zona clients"},{"@type":"BreadcrumbList","@id":"https:\/\/hotpint.com\/cat\/descarregues\/#breadcrumb","itemListElement":[{"@type":"ListItem","position":1,"name":"Portada","item":"https:\/\/hotpint.com\/cat\/"},{"@type":"ListItem","position":2,"name":"DESCARREGUES"}]},{"@type":"WebSite","@id":"https:\/\/hotpint.com\/cat\/#website","url":"https:\/\/hotpint.com\/cat\/","name":"Hotpint Solucions","description":"Experts en l&#039;acabat i el manipulat de productes metal\u00b7l\u00fargics manufacturats","potentialAction":[{"@type":"SearchAction","target":{"@type":"EntryPoint","urlTemplate":"https:\/\/hotpint.com\/cat\/?s={search_term_string}"},"query-input":{"@type":"PropertyValueSpecification","valueRequired":true,"valueName":"search_term_string"}}],"inLanguage":"ca"}]}},"_links":{"self":[{"href":"https:\/\/hotpint.com\/cat\/wp-json\/wp\/v2\/pages\/67"}],"collection":[{"href":"https:\/\/hotpint.com\/cat\/wp-json\/wp\/v2\/pages"}],"about":[{"href":"https:\/\/hotpint.com\/cat\/wp-json\/wp\/v2\/types\/page"}],"author":[{"embeddable":true,"href":"https:\/\/hotpint.com\/cat\/wp-json\/wp\/v2\/users\/2"}],"replies":[{"embeddable":true,"href":"https:\/\/hotpint.com\/cat\/wp-json\/wp\/v2\/comments?post=67"}],"version-history":[{"count":12,"href":"https:\/\/hotpint.com\/cat\/wp-json\/wp\/v2\/pages\/67\/revisions"}],"predecessor-version":[{"id":702,"href":"https:\/\/hotpint.com\/cat\/wp-json\/wp\/v2\/pages\/67\/revisions\/702"}],"wp:attachment":[{"href":"https:\/\/hotpint.com\/cat\/wp-json\/wp\/v2\/media?parent=67"}],"curies":[{"name":"wp","href":"https:\/\/api.w.org\/{rel}","templated":true}]}}