{"id":69,"date":"2022-06-08T15:18:49","date_gmt":"2022-06-08T15:18:49","guid":{"rendered":"https:\/\/hotpint.com\/?page_id=776"},"modified":"2023-05-31T07:02:57","modified_gmt":"2023-05-31T07:02:57","slug":"empresa","status":"publish","type":"page","link":"https:\/\/hotpint.com\/cat\/empresa\/","title":{"rendered":"EMPRESA"},"content":{"rendered":"<p>[et_pb_section fb_built=&#8221;1&#8243; _builder_version=&#8221;4.17.4&#8243; background_color=&#8221;#35939e&#8221; background_image=&#8221;https:\/\/hotpint.com\/cat\/wp-content\/uploads\/sites\/4\/2022\/06\/hotpint-empresa1.jpg&#8221; custom_padding=&#8221;2%|||&#8221; locked=&#8221;off&#8221; global_colors_info=&#8221;{}&#8221;][et_pb_row _builder_version=&#8221;4.16&#8243; global_colors_info=&#8221;{}&#8221;][et_pb_column type=&#8221;4_4&#8243; _builder_version=&#8221;4.16&#8243; custom_padding=&#8221;|||&#8221; global_colors_info=&#8221;{}&#8221; custom_padding__hover=&#8221;|||&#8221;][et_pb_text _builder_version=&#8221;4.17.4&#8243; text_font=&#8221;Open Sans Condensed|on||on|&#8221; text_text_color=&#8221;#ffffff&#8221; text_font_size=&#8221;40&#8243; text_line_height=&#8221;1.2em&#8221; text_orientation=&#8221;center&#8221; module_alignment=&#8221;center&#8221; custom_padding=&#8221;18px||2px|||&#8221; text_font_size_tablet=&#8221;35&#8243; text_font_size_phone=&#8221;25&#8243; text_font_size_last_edited=&#8221;on|phone&#8221; global_colors_info=&#8221;{}&#8221;]<\/p>\n<p>&nbsp;<\/p>\n<p>&nbsp;<\/p>\n<p>[\/et_pb_text][\/et_pb_column][\/et_pb_row][\/et_pb_section][et_pb_section fb_built=&#8221;1&#8243; _builder_version=&#8221;4.17.4&#8243; _module_preset=&#8221;default&#8221; custom_padding=&#8221;0px||0px|||&#8221; global_colors_info=&#8221;{}&#8221;][et_pb_row _builder_version=&#8221;4.17.4&#8243; _module_preset=&#8221;default&#8221; global_colors_info=&#8221;{}&#8221;][et_pb_column type=&#8221;4_4&#8243; _builder_version=&#8221;4.17.4&#8243; _module_preset=&#8221;default&#8221; global_colors_info=&#8221;{}&#8221;][et_pb_text _builder_version=&#8221;4.17.4&#8243; _module_preset=&#8221;default&#8221; header_font=&#8221;|600|||||||&#8221; header_font_size=&#8221;36px&#8221; global_colors_info=&#8221;{}&#8221;]<\/p>\n<h1 style=\"text-align: center;\">EMPRESA<\/h1>\n<p>[\/et_pb_text][\/et_pb_column][\/et_pb_row][et_pb_row column_structure=&#8221;2_5,3_5&#8243; _builder_version=&#8221;4.17.4&#8243; _module_preset=&#8221;default&#8221; global_colors_info=&#8221;{}&#8221;][et_pb_column type=&#8221;2_5&#8243; _builder_version=&#8221;4.17.4&#8243; _module_preset=&#8221;default&#8221; global_colors_info=&#8221;{}&#8221;][et_pb_image src=&#8221;https:\/\/hotpint.com\/cat\/wp-content\/uploads\/sites\/4\/2022\/03\/hotpint-delegacion-zona-1.jpg&#8221; title_text=&#8221;hotpint-delegacion-zona-1&#8243; _builder_version=&#8221;4.17.4&#8243; _module_preset=&#8221;default&#8221; global_colors_info=&#8221;{}&#8221;][\/et_pb_image][\/et_pb_column][et_pb_column type=&#8221;3_5&#8243; _builder_version=&#8221;4.17.4&#8243; _module_preset=&#8221;default&#8221; global_colors_info=&#8221;{}&#8221;][et_pb_text _builder_version=&#8221;4.18.0&#8243; _module_preset=&#8221;default&#8221; header_2_font_size=&#8221;22px&#8221; global_colors_info=&#8221;{}&#8221;]<\/p>\n<h2><strong>HotPint, una garantia de qualitat<\/strong><\/h2>\n<p><span>Hot Pint es dedica, des de la constituci\u00f3, a l&#8217;acabat de productes metal\u00b7l\u00fargics manufacturats. La maquin\u00e0ria m\u00e9s moderna es posa a disposici\u00f3 d&#8217;uns resultats garantits. Per aix\u00f2, els acabats en epoxi, com a poli\u00e8ster enfornat, fan dels nostres productes un referent i un model de qualitat.<\/span><\/p>\n<h2><strong><span>HotPint, dissenys propis, exclusius i patentats <\/span><\/strong><span>\u00a0<\/span><\/h2>\n<p><span>Gr\u00e0cies al treball del nostre departament de R+D, comptem amb els darrers aven\u00e7os en recerca i desenvolupament dels nostres productes, garantint una \u00f2ptima rendibilitat i durabilitat dels mateixos. <\/span><\/p>\n<h2><strong><span>HotPint, empresa l\u00edder al sector <\/span><\/strong><\/h2>\n<p><span>Aix\u00f2 fa que aquelles empreses que es dediquen tant a la construcci\u00f3 com a auxiliar de construcci\u00f3 tinguin en nosaltres un aliat. <\/span><\/p>\n<h2><strong><span>HotPint, l&#8217;empresa amiga <\/span><\/strong><\/h2>\n<p><span>El nostre equip hum\u00e0 est\u00e0 preparat per acompanyar-te i assessorar-te en el teu projecte, un t\u00e0ndem que garantir\u00e0 un resultat final \u00f2ptim.<\/span><\/p>\n<h2><strong><span>HotPint, la m\u00e9s \u00e0mplia gamma de productes<\/span><\/strong><\/h2>\n<p><span>Des de HotPint, us oferim gran diversitat de productes i recursos per cobrir les necessitats en la construcci\u00f3 de conjunts residencials, habitatges o similars; des de les rematades per a xemeneies fins als perfils especials, passant pels cobreix murs.<br \/>\n<\/span>[\/et_pb_text][\/et_pb_column][\/et_pb_row][\/et_pb_section]<\/p>\n","protected":false},"excerpt":{"rendered":"<p>&nbsp; &nbsp;EMPRESAHotPint, una garantia de qualitat Hot Pint es dedica, des de la constituci\u00f3, a l&#8217;acabat de productes metal\u00b7l\u00fargics manufacturats. La maquin\u00e0ria m\u00e9s moderna es posa a disposici\u00f3 d&#8217;uns resultats garantits. Per aix\u00f2, els acabats en epoxi, com a poli\u00e8ster enfornat, fan dels nostres productes un referent i un model de qualitat. HotPint, dissenys propis, [&hellip;]<\/p>\n","protected":false},"author":2,"featured_media":0,"parent":0,"menu_order":0,"comment_status":"closed","ping_status":"closed","template":"","meta":{"_et_pb_use_builder":"on","_et_pb_old_content":"","_et_gb_content_width":"","footnotes":""},"class_list":["post-69","page","type-page","status-publish","hentry"],"yoast_head":"<!-- This site is optimized with the Yoast SEO Premium plugin v20.10 (Yoast SEO v25.5) - https:\/\/yoast.com\/wordpress\/plugins\/seo\/ -->\n<title>EMPRESA | Hotpint Solucions<\/title>\n<meta name=\"robots\" content=\"index, follow, max-snippet:-1, max-image-preview:large, max-video-preview:-1\" \/>\n<link rel=\"canonical\" href=\"https:\/\/hotpint.com\/cat\/empresa\/\" \/>\n<meta property=\"og:locale\" content=\"ca_ES\" \/>\n<meta property=\"og:type\" content=\"article\" \/>\n<meta property=\"og:title\" content=\"EMPRESA\" \/>\n<meta property=\"og:description\" content=\"&nbsp; &nbsp;EMPRESAHotPint, una garantia de qualitat Hot Pint es dedica, des de la constituci\u00f3, a l&#039;acabat de productes metal\u00b7l\u00fargics manufacturats. La maquin\u00e0ria m\u00e9s moderna es posa a disposici\u00f3 d&#039;uns resultats garantits. Per aix\u00f2, els acabats en epoxi, com a poli\u00e8ster enfornat, fan dels nostres productes un referent i un model de qualitat. HotPint, dissenys propis, [&hellip;]\" \/>\n<meta property=\"og:url\" content=\"https:\/\/hotpint.com\/cat\/empresa\/\" \/>\n<meta property=\"og:site_name\" content=\"Hotpint Solucions\" \/>\n<meta property=\"article:modified_time\" content=\"2023-05-31T07:02:57+00:00\" \/>\n<meta name=\"twitter:card\" content=\"summary_large_image\" \/>\n<meta name=\"twitter:label1\" content=\"Temps estimat de lectura\" \/>\n\t<meta name=\"twitter:data1\" content=\"2 minuts\" \/>\n<script type=\"application\/ld+json\" class=\"yoast-schema-graph\">{\"@context\":\"https:\/\/schema.org\",\"@graph\":[{\"@type\":\"WebPage\",\"@id\":\"https:\/\/hotpint.com\/cat\/empresa\/\",\"url\":\"https:\/\/hotpint.com\/cat\/empresa\/\",\"name\":\"EMPRESA | Hotpint Solucions\",\"isPartOf\":{\"@id\":\"https:\/\/hotpint.com\/cat\/#website\"},\"datePublished\":\"2022-06-08T15:18:49+00:00\",\"dateModified\":\"2023-05-31T07:02:57+00:00\",\"breadcrumb\":{\"@id\":\"https:\/\/hotpint.com\/cat\/empresa\/#breadcrumb\"},\"inLanguage\":\"ca\",\"potentialAction\":[{\"@type\":\"ReadAction\",\"target\":[\"https:\/\/hotpint.com\/cat\/empresa\/\"]}]},{\"@type\":\"BreadcrumbList\",\"@id\":\"https:\/\/hotpint.com\/cat\/empresa\/#breadcrumb\",\"itemListElement\":[{\"@type\":\"ListItem\",\"position\":1,\"name\":\"Portada\",\"item\":\"https:\/\/hotpint.com\/cat\/\"},{\"@type\":\"ListItem\",\"position\":2,\"name\":\"EMPRESA\"}]},{\"@type\":\"WebSite\",\"@id\":\"https:\/\/hotpint.com\/cat\/#website\",\"url\":\"https:\/\/hotpint.com\/cat\/\",\"name\":\"Hotpint Solucions\",\"description\":\"Experts en l&#039;acabat i el manipulat de productes metal\u00b7l\u00fargics manufacturats\",\"potentialAction\":[{\"@type\":\"SearchAction\",\"target\":{\"@type\":\"EntryPoint\",\"urlTemplate\":\"https:\/\/hotpint.com\/cat\/?s={search_term_string}\"},\"query-input\":{\"@type\":\"PropertyValueSpecification\",\"valueRequired\":true,\"valueName\":\"search_term_string\"}}],\"inLanguage\":\"ca\"}]}<\/script>\n<!-- \/ Yoast SEO Premium plugin. -->","yoast_head_json":{"title":"EMPRESA | Hotpint Solucions","robots":{"index":"index","follow":"follow","max-snippet":"max-snippet:-1","max-image-preview":"max-image-preview:large","max-video-preview":"max-video-preview:-1"},"canonical":"https:\/\/hotpint.com\/cat\/empresa\/","og_locale":"ca_ES","og_type":"article","og_title":"EMPRESA","og_description":"&nbsp; &nbsp;EMPRESAHotPint, una garantia de qualitat Hot Pint es dedica, des de la constituci\u00f3, a l'acabat de productes metal\u00b7l\u00fargics manufacturats. La maquin\u00e0ria m\u00e9s moderna es posa a disposici\u00f3 d'uns resultats garantits. Per aix\u00f2, els acabats en epoxi, com a poli\u00e8ster enfornat, fan dels nostres productes un referent i un model de qualitat. HotPint, dissenys propis, [&hellip;]","og_url":"https:\/\/hotpint.com\/cat\/empresa\/","og_site_name":"Hotpint Solucions","article_modified_time":"2023-05-31T07:02:57+00:00","twitter_card":"summary_large_image","twitter_misc":{"Temps estimat de lectura":"2 minuts"},"schema":{"@context":"https:\/\/schema.org","@graph":[{"@type":"WebPage","@id":"https:\/\/hotpint.com\/cat\/empresa\/","url":"https:\/\/hotpint.com\/cat\/empresa\/","name":"EMPRESA | Hotpint Solucions","isPartOf":{"@id":"https:\/\/hotpint.com\/cat\/#website"},"datePublished":"2022-06-08T15:18:49+00:00","dateModified":"2023-05-31T07:02:57+00:00","breadcrumb":{"@id":"https:\/\/hotpint.com\/cat\/empresa\/#breadcrumb"},"inLanguage":"ca","potentialAction":[{"@type":"ReadAction","target":["https:\/\/hotpint.com\/cat\/empresa\/"]}]},{"@type":"BreadcrumbList","@id":"https:\/\/hotpint.com\/cat\/empresa\/#breadcrumb","itemListElement":[{"@type":"ListItem","position":1,"name":"Portada","item":"https:\/\/hotpint.com\/cat\/"},{"@type":"ListItem","position":2,"name":"EMPRESA"}]},{"@type":"WebSite","@id":"https:\/\/hotpint.com\/cat\/#website","url":"https:\/\/hotpint.com\/cat\/","name":"Hotpint Solucions","description":"Experts en l&#039;acabat i el manipulat de productes metal\u00b7l\u00fargics manufacturats","potentialAction":[{"@type":"SearchAction","target":{"@type":"EntryPoint","urlTemplate":"https:\/\/hotpint.com\/cat\/?s={search_term_string}"},"query-input":{"@type":"PropertyValueSpecification","valueRequired":true,"valueName":"search_term_string"}}],"inLanguage":"ca"}]}},"_links":{"self":[{"href":"https:\/\/hotpint.com\/cat\/wp-json\/wp\/v2\/pages\/69"}],"collection":[{"href":"https:\/\/hotpint.com\/cat\/wp-json\/wp\/v2\/pages"}],"about":[{"href":"https:\/\/hotpint.com\/cat\/wp-json\/wp\/v2\/types\/page"}],"author":[{"embeddable":true,"href":"https:\/\/hotpint.com\/cat\/wp-json\/wp\/v2\/users\/2"}],"replies":[{"embeddable":true,"href":"https:\/\/hotpint.com\/cat\/wp-json\/wp\/v2\/comments?post=69"}],"version-history":[{"count":3,"href":"https:\/\/hotpint.com\/cat\/wp-json\/wp\/v2\/pages\/69\/revisions"}],"predecessor-version":[{"id":667,"href":"https:\/\/hotpint.com\/cat\/wp-json\/wp\/v2\/pages\/69\/revisions\/667"}],"wp:attachment":[{"href":"https:\/\/hotpint.com\/cat\/wp-json\/wp\/v2\/media?parent=69"}],"curies":[{"name":"wp","href":"https:\/\/api.w.org\/{rel}","templated":true}]}}