{"id":72,"date":"2022-06-09T15:38:27","date_gmt":"2022-06-09T15:38:27","guid":{"rendered":"https:\/\/hotpint.com\/?page_id=791"},"modified":"2023-06-20T10:17:56","modified_gmt":"2023-06-20T10:17:56","slug":"hotpint-termic-system-solucio-de-marcatge","status":"publish","type":"page","link":"https:\/\/hotpint.com\/cat\/hotpint-termic-system-solucio-de-marcatge\/","title":{"rendered":"Hotpint Thermic System"},"content":{"rendered":"<p>[et_pb_section fb_built=&#8221;1&#8243; _builder_version=&#8221;4.17.4&#8243; _module_preset=&#8221;default&#8221; custom_padding=&#8221;0px||0px|||&#8221; global_colors_info=&#8221;{}&#8221;][et_pb_row use_custom_gutter=&#8221;on&#8221; gutter_width=&#8221;1&#8243; make_equal=&#8221;on&#8221; _builder_version=&#8221;4.17.4&#8243; _module_preset=&#8221;default&#8221; width=&#8221;90%&#8221; max_width=&#8221;100%&#8221; global_colors_info=&#8221;{}&#8221;][et_pb_column type=&#8221;4_4&#8243; _builder_version=&#8221;4.17.4&#8243; _module_preset=&#8221;default&#8221; global_colors_info=&#8221;{}&#8221;][et_pb_image src=&#8221;https:\/\/hotpint.com\/cat\/wp-content\/uploads\/sites\/4\/2023\/03\/foto-Hotpint-Termic-System-5.jpg&#8221; alt=&#8221;Hotpint Thermic System&#8221; title_text=&#8221;foto-Hotpint-Termic-System-5&#8243; _builder_version=&#8221;4.19.5&#8243; _module_preset=&#8221;default&#8221; global_colors_info=&#8221;{}&#8221;][\/et_pb_image][\/et_pb_column][\/et_pb_row][\/et_pb_section][et_pb_section fb_built=&#8221;1&#8243; _builder_version=&#8221;4.17.4&#8243; _module_preset=&#8221;default&#8221; custom_padding=&#8221;1px|||||&#8221; global_colors_info=&#8221;{}&#8221;][et_pb_row _builder_version=&#8221;4.17.4&#8243; _module_preset=&#8221;default&#8221; global_colors_info=&#8221;{}&#8221;][et_pb_column type=&#8221;4_4&#8243; _builder_version=&#8221;4.17.4&#8243; _module_preset=&#8221;default&#8221; global_colors_info=&#8221;{}&#8221;][et_pb_text _builder_version=&#8221;4.19.5&#8243; _module_preset=&#8221;default&#8221; header_font=&#8221;|600|||||||&#8221; header_font_size=&#8221;40px&#8221; global_colors_info=&#8221;{}&#8221;]<\/p>\n<h1 style=\"text-align: center;\">Hotpint Thermic System<\/h1>\n<p>[\/et_pb_text][et_pb_text _builder_version=&#8221;4.18.0&#8243; _module_preset=&#8221;default&#8221; custom_margin=&#8221;||11px|||&#8221; global_colors_info=&#8221;{}&#8221;]<\/p>\n<h2 style=\"text-align: center;\"><span>Soluci\u00f3 de marcatge met\u00e0l\u00b7lic amb perfil de trencament del pont t\u00e8rmic<\/span><\/h2>\n<p>[\/et_pb_text][et_pb_text _builder_version=&#8221;4.18.0&#8243; _module_preset=&#8221;default&#8221; text_font_size=&#8221;16px&#8221; global_colors_info=&#8221;{}&#8221;]<\/p>\n<p style=\"text-align: center;\">Registre model d&#8217;utilitat N\u00fam. 202130884<\/p>\n<p>[\/et_pb_text][\/et_pb_column][\/et_pb_row][et_pb_row _builder_version=&#8221;4.21.0&#8243; _module_preset=&#8221;default&#8221;][et_pb_column _builder_version=&#8221;4.21.0&#8243; _module_preset=&#8221;default&#8221; type=&#8221;4_4&#8243;][et_pb_text _builder_version=&#8221;4.21.0&#8243; _module_preset=&#8221;default&#8221; text_font_size=&#8221;16px&#8221; hover_enabled=&#8221;0&#8243; sticky_enabled=&#8221;0&#8243;]<\/p>\n<p><strong>Els marcs perimetrals amb perfil de trencament de pont t\u00e8rmic<\/strong> han esdevingut una soluci\u00f3 molt demandada al m\u00f3n de la fusteria d&#8217;alumini.<\/p>\n<p>El seu \u00fas ofereix m\u00faltiples avantatges, per la qual cosa cada cop s\u00f3n m\u00e9s els consumidors que els prefereixen davant d&#8217;altres tipus de marcs. A m\u00e9s, hi ha diferents tipus de marcs perimetrals, cadascun amb les seves caracter\u00edstiques t\u00e8cniques espec\u00edfiques que els fan adaptar-se a les exig\u00e8ncies de cada projecte.<\/p>\n<p>En primer lloc, l&#8217;\u00fas de marcs perimetrals amb perfil de trencament de pont t\u00e8rmic suposa un important <strong>a\u00efllament t\u00e8rmic i ac\u00fastic<\/strong>. Aix\u00f2 es tradueix en una major efici\u00e8ncia energ\u00e8tica a la llar, reduint significativament les p\u00e8rdues de calor i, per tant, contribuint a l&#8217;estalvi a la factura energ\u00e8tica.<\/p>\n<p>A m\u00e9s, aquest tipus de marcs perimetrals s\u00f3n altament resistents. La seva <strong>estructura de doble vidre i perfil refor\u00e7at<\/strong> fan que siguin capa\u00e7os de suportar condicions clim\u00e0tiques extremes i protegir la llar de possibles intrusions. Aix\u00ed mateix, hi ha diferents tipus de marcs perimetrals amb perfil de trencament de pont t\u00e8rmic, com ara el marc obert, el de fulla oculta o el de fulla visible.<\/p>\n<p>Cadascun compta amb caracter\u00edstiques t\u00e8cniques espec\u00edfiques que els fan \u00f2ptims per a diferents necessitats i projectes. Per exemple, el marc obert \u00e9s ideal per a zones amb una baixa taxa de precipitacions, mentre que el de fulla visible \u00e9s idoni per a espais amb alta exposici\u00f3 a radiacions solars.<\/p>\n<p>Per tant, \u00e9s important tenir en compte el tipus de marc perimetral que s&#8217;adapti a les nostres necessitats, aix\u00ed com la instal\u00b7laci\u00f3 de vidres adequats per comptar amb una soluci\u00f3 \u00f2ptima en efici\u00e8ncia energ\u00e8tica i seguretat.<\/p>\n<p>En resum, els marcs perimetrals amb perfil de trencament de pont t\u00e8rmic s\u00f3n una elecci\u00f3 intel\u00b7ligent a l&#8217;hora de triar una fusteria d&#8217;alumini d&#8217;alta qualitat. Els m\u00faltiples avantatges, caracter\u00edstiques t\u00e8cniques i tipus de marcs disponibles s&#8217;adaptaran a les necessitats de cada projecte, proporcionant una soluci\u00f3 eficient, segura i duradora.<\/p>\n<p>A Hotpint Solucions, som fabricants de marcs perimetrals amb trencament de pont t\u00e8rmic.<\/p>\n<p>Per a m\u00e9s informaci\u00f3 contacteu amb <span style=\"color: #ff6600;\"><strong><a href=\"https:\/\/hotpint.com\/contacto\/\" style=\"color: #ff6600;\">Hotpint Solucions<\/a><\/strong><\/span><\/p>\n<p>[\/et_pb_text][\/et_pb_column][\/et_pb_row][\/et_pb_section]<\/p>\n","protected":false},"excerpt":{"rendered":"<p>Hotpint Thermic SystemSoluci\u00f3 de marcatge met\u00e0l\u00b7lic amb perfil de trencament del pont t\u00e8rmicRegistre model d&#8217;utilitat N\u00fam. 202130884Els marcs perimetrals amb perfil de trencament de pont t\u00e8rmic han esdevingut una soluci\u00f3 molt demandada al m\u00f3n de la fusteria d&#8217;alumini. El seu \u00fas ofereix m\u00faltiples avantatges, per la qual cosa cada cop s\u00f3n m\u00e9s els consumidors que [&hellip;]<\/p>\n","protected":false},"author":2,"featured_media":0,"parent":0,"menu_order":0,"comment_status":"closed","ping_status":"closed","template":"","meta":{"_et_pb_use_builder":"on","_et_pb_old_content":"","_et_gb_content_width":"","footnotes":""},"class_list":["post-72","page","type-page","status-publish","hentry"],"yoast_head":"<!-- This site is optimized with the Yoast SEO Premium plugin v20.10 (Yoast SEO v25.5) - https:\/\/yoast.com\/wordpress\/plugins\/seo\/ -->\n<title>Hotpint Thermic System | Hotpint Solucions<\/title>\n<meta name=\"robots\" content=\"index, follow, max-snippet:-1, max-image-preview:large, max-video-preview:-1\" \/>\n<link rel=\"canonical\" href=\"https:\/\/hotpint.com\/cat\/hotpint-termic-system-solucio-de-marcatge\/\" \/>\n<meta property=\"og:locale\" content=\"ca_ES\" \/>\n<meta property=\"og:type\" content=\"article\" \/>\n<meta property=\"og:title\" content=\"Hotpint Thermic System\" \/>\n<meta property=\"og:description\" content=\"Hotpint Thermic SystemSoluci\u00f3 de marcatge met\u00e0l\u00b7lic amb perfil de trencament del pont t\u00e8rmicRegistre model d&#039;utilitat N\u00fam. 202130884Els marcs perimetrals amb perfil de trencament de pont t\u00e8rmic han esdevingut una soluci\u00f3 molt demandada al m\u00f3n de la fusteria d&#039;alumini. El seu \u00fas ofereix m\u00faltiples avantatges, per la qual cosa cada cop s\u00f3n m\u00e9s els consumidors que [&hellip;]\" \/>\n<meta property=\"og:url\" content=\"https:\/\/hotpint.com\/cat\/hotpint-termic-system-solucio-de-marcatge\/\" \/>\n<meta property=\"og:site_name\" content=\"Hotpint Solucions\" \/>\n<meta property=\"article:modified_time\" content=\"2023-06-20T10:17:56+00:00\" \/>\n<meta name=\"twitter:card\" content=\"summary_large_image\" \/>\n<meta name=\"twitter:label1\" content=\"Temps estimat de lectura\" \/>\n\t<meta name=\"twitter:data1\" content=\"1 minut\" \/>\n<script type=\"application\/ld+json\" class=\"yoast-schema-graph\">{\"@context\":\"https:\/\/schema.org\",\"@graph\":[{\"@type\":\"WebPage\",\"@id\":\"https:\/\/hotpint.com\/cat\/hotpint-termic-system-solucio-de-marcatge\/\",\"url\":\"https:\/\/hotpint.com\/cat\/hotpint-termic-system-solucio-de-marcatge\/\",\"name\":\"Hotpint Thermic System | Hotpint Solucions\",\"isPartOf\":{\"@id\":\"https:\/\/hotpint.com\/cat\/#website\"},\"datePublished\":\"2022-06-09T15:38:27+00:00\",\"dateModified\":\"2023-06-20T10:17:56+00:00\",\"breadcrumb\":{\"@id\":\"https:\/\/hotpint.com\/cat\/hotpint-termic-system-solucio-de-marcatge\/#breadcrumb\"},\"inLanguage\":\"ca\",\"potentialAction\":[{\"@type\":\"ReadAction\",\"target\":[\"https:\/\/hotpint.com\/cat\/hotpint-termic-system-solucio-de-marcatge\/\"]}]},{\"@type\":\"BreadcrumbList\",\"@id\":\"https:\/\/hotpint.com\/cat\/hotpint-termic-system-solucio-de-marcatge\/#breadcrumb\",\"itemListElement\":[{\"@type\":\"ListItem\",\"position\":1,\"name\":\"Portada\",\"item\":\"https:\/\/hotpint.com\/cat\/\"},{\"@type\":\"ListItem\",\"position\":2,\"name\":\"Hotpint Thermic System\"}]},{\"@type\":\"WebSite\",\"@id\":\"https:\/\/hotpint.com\/cat\/#website\",\"url\":\"https:\/\/hotpint.com\/cat\/\",\"name\":\"Hotpint Solucions\",\"description\":\"Experts en l&#039;acabat i el manipulat de productes metal\u00b7l\u00fargics manufacturats\",\"potentialAction\":[{\"@type\":\"SearchAction\",\"target\":{\"@type\":\"EntryPoint\",\"urlTemplate\":\"https:\/\/hotpint.com\/cat\/?s={search_term_string}\"},\"query-input\":{\"@type\":\"PropertyValueSpecification\",\"valueRequired\":true,\"valueName\":\"search_term_string\"}}],\"inLanguage\":\"ca\"}]}<\/script>\n<!-- \/ Yoast SEO Premium plugin. -->","yoast_head_json":{"title":"Hotpint Thermic System | Hotpint Solucions","robots":{"index":"index","follow":"follow","max-snippet":"max-snippet:-1","max-image-preview":"max-image-preview:large","max-video-preview":"max-video-preview:-1"},"canonical":"https:\/\/hotpint.com\/cat\/hotpint-termic-system-solucio-de-marcatge\/","og_locale":"ca_ES","og_type":"article","og_title":"Hotpint Thermic System","og_description":"Hotpint Thermic SystemSoluci\u00f3 de marcatge met\u00e0l\u00b7lic amb perfil de trencament del pont t\u00e8rmicRegistre model d'utilitat N\u00fam. 202130884Els marcs perimetrals amb perfil de trencament de pont t\u00e8rmic han esdevingut una soluci\u00f3 molt demandada al m\u00f3n de la fusteria d'alumini. El seu \u00fas ofereix m\u00faltiples avantatges, per la qual cosa cada cop s\u00f3n m\u00e9s els consumidors que [&hellip;]","og_url":"https:\/\/hotpint.com\/cat\/hotpint-termic-system-solucio-de-marcatge\/","og_site_name":"Hotpint Solucions","article_modified_time":"2023-06-20T10:17:56+00:00","twitter_card":"summary_large_image","twitter_misc":{"Temps estimat de lectura":"1 minut"},"schema":{"@context":"https:\/\/schema.org","@graph":[{"@type":"WebPage","@id":"https:\/\/hotpint.com\/cat\/hotpint-termic-system-solucio-de-marcatge\/","url":"https:\/\/hotpint.com\/cat\/hotpint-termic-system-solucio-de-marcatge\/","name":"Hotpint Thermic System | Hotpint Solucions","isPartOf":{"@id":"https:\/\/hotpint.com\/cat\/#website"},"datePublished":"2022-06-09T15:38:27+00:00","dateModified":"2023-06-20T10:17:56+00:00","breadcrumb":{"@id":"https:\/\/hotpint.com\/cat\/hotpint-termic-system-solucio-de-marcatge\/#breadcrumb"},"inLanguage":"ca","potentialAction":[{"@type":"ReadAction","target":["https:\/\/hotpint.com\/cat\/hotpint-termic-system-solucio-de-marcatge\/"]}]},{"@type":"BreadcrumbList","@id":"https:\/\/hotpint.com\/cat\/hotpint-termic-system-solucio-de-marcatge\/#breadcrumb","itemListElement":[{"@type":"ListItem","position":1,"name":"Portada","item":"https:\/\/hotpint.com\/cat\/"},{"@type":"ListItem","position":2,"name":"Hotpint Thermic System"}]},{"@type":"WebSite","@id":"https:\/\/hotpint.com\/cat\/#website","url":"https:\/\/hotpint.com\/cat\/","name":"Hotpint Solucions","description":"Experts en l&#039;acabat i el manipulat de productes metal\u00b7l\u00fargics manufacturats","potentialAction":[{"@type":"SearchAction","target":{"@type":"EntryPoint","urlTemplate":"https:\/\/hotpint.com\/cat\/?s={search_term_string}"},"query-input":{"@type":"PropertyValueSpecification","valueRequired":true,"valueName":"search_term_string"}}],"inLanguage":"ca"}]}},"_links":{"self":[{"href":"https:\/\/hotpint.com\/cat\/wp-json\/wp\/v2\/pages\/72"}],"collection":[{"href":"https:\/\/hotpint.com\/cat\/wp-json\/wp\/v2\/pages"}],"about":[{"href":"https:\/\/hotpint.com\/cat\/wp-json\/wp\/v2\/types\/page"}],"author":[{"embeddable":true,"href":"https:\/\/hotpint.com\/cat\/wp-json\/wp\/v2\/users\/2"}],"replies":[{"embeddable":true,"href":"https:\/\/hotpint.com\/cat\/wp-json\/wp\/v2\/comments?post=72"}],"version-history":[{"count":8,"href":"https:\/\/hotpint.com\/cat\/wp-json\/wp\/v2\/pages\/72\/revisions"}],"predecessor-version":[{"id":673,"href":"https:\/\/hotpint.com\/cat\/wp-json\/wp\/v2\/pages\/72\/revisions\/673"}],"wp:attachment":[{"href":"https:\/\/hotpint.com\/cat\/wp-json\/wp\/v2\/media?parent=72"}],"curies":[{"name":"wp","href":"https:\/\/api.w.org\/{rel}","templated":true}]}}