{"id":84,"date":"2022-03-24T09:04:55","date_gmt":"2022-03-24T09:04:55","guid":{"rendered":"https:\/\/hotpint.com\/?page_id=631"},"modified":"2023-04-29T17:56:58","modified_gmt":"2023-04-29T17:56:58","slug":"politica-de-privacitat","status":"publish","type":"page","link":"https:\/\/hotpint.com\/cat\/politica-de-privacitat\/","title":{"rendered":"Pol\u00edtica de privacitat"},"content":{"rendered":"<p>HOT PINT SOLUCIONS, S.L., informa els usuaris del lloc web sobre la seva pol\u00edtica respecte al tractament i protecci\u00f3 de les dades de car\u00e0cter personal dels usuaris i clients.<\/p>\n<p>I garanteix en tot moment l&#8217;\u00edntegre i ple compliment de les obligacions disposades per la normativa de protecci\u00f3 de dades i serveis de la societat de la informaci\u00f3: Reglament (UE) 2016\/679 del Parlament Europeu i del Consell, de 27 d&#8217;abril del 2016, relatiu a la protecci\u00f3 de les persones f\u00edsiques pel que fa al tractament de dades personals i a la lliure circulaci\u00f3 d&#8217;aquestes dades (RGPD), la normativa Llei Org\u00e0nica 3\/2018, de 5 de desembre, de Protecci\u00f3 de Dades Personals i garantia de els drets digitals (LOPDGDD) i la Llei 34\/2002, de 11 de juliol, de Serveis de la Societat de la Informaci\u00f3 i del Comer\u00e7 Electr\u00f2nic (LSSIce).<\/p>\n<p><strong><br \/>\nRESPONSABLE DEL TRACTAMENT <\/strong><\/p>\n<p>HOT PINT SOLUCIONS, S.L.<\/p>\n<p>C.I.F.: B25802703<\/p>\n<p>Domicili: C\/ COMTE BORRELL, 318 \u2013 08029 &#8211; BARCELONA<\/p>\n<p>Inscrit al Registre Mercantil de Barcelona, \u200b\u200btom 45505, foli 6, full B490108, Inscripci\u00f3 5a.<\/p>\n<p>Tel\u00e8fon: 973167722<\/p>\n<p>Correu electr\u00f2nic: hotpint@hotpint.com<\/p>\n<p><strong>\u00a0<\/strong><\/p>\n<p><strong>FINALITATS DEL TRACTAMENT DE LES DADES<\/strong><\/p>\n<p>Les dades facilitades per l&#8217;Usuari s\u00f3n utilitzades amb diverses finalitats que s&#8217;enumeren a continuaci\u00f3<\/p>\n<table width=\"584\">\n<tbody>\n<tr>\n<td width=\"291\"><strong>Finalitat del tractament<\/strong><\/td>\n<td width=\"293\"><strong>Base jur\u00eddica per al tractament<\/strong><\/td>\n<\/tr>\n<tr>\n<td width=\"291\">Gestionar les consultes plantejades a trav\u00e9s dels formularis web.<\/td>\n<td width=\"293\">Inter\u00e8s leg\u00edtim de la Societat per atendre els requeriments d&#8217;informaci\u00f3 a trav\u00e9s del web. Consentiment prestat de forma expressa al moment de recollida de les dades a trav\u00e9s dels formularis web.<\/td>\n<\/tr>\n<tr>\n<td width=\"291\">Env\u00edo de newsletters, comunicaciones comerciales y promociones.<\/td>\n<td width=\"293\">Consentiment prestat de forma expressa al moment de recollida de les dades a trav\u00e9s dels formularis web.<\/td>\n<\/tr>\n<tr>\n<td width=\"291\">Gestionar les incid\u00e8ncies i el manteniment de la web.<\/td>\n<td width=\"293\">Inter\u00e8s leg\u00edtim de la Societat.<\/td>\n<\/tr>\n<\/tbody>\n<\/table>\n<p>&nbsp;<\/p>\n<p>&nbsp;<\/p>\n<p><strong>TERMINI DE CONSERVACI\u00d3 DE LES DADES<\/strong><strong>\u00a0<\/strong><\/p>\n<table width=\"584\">\n<tbody>\n<tr>\n<td width=\"291\"><strong>Finalitat del tractament<\/strong><\/td>\n<td width=\"293\"><strong>Termini de conservaci\u00f3<\/strong><\/td>\n<\/tr>\n<tr>\n<td width=\"291\">Gestionar les consultes plantejades a trav\u00e9s dels formularis web.<\/td>\n<td width=\"293\">Tractarem les teves dades durant el temps que calgui per atendre la teva sol\u00b7licitud o petici\u00f3.<\/td>\n<\/tr>\n<tr>\n<td width=\"291\">Env\u00edo de newsletters, comunicaciones comerciales y promociones.<\/td>\n<td width=\"293\">Tractarem les teves dades fins que et donis de baixa.<\/td>\n<\/tr>\n<tr>\n<td width=\"291\">Gestionar les incid\u00e8ncies i el manteniment de la web.<\/td>\n<td width=\"293\">Tractarem les vostres dades durant el temps necessari per complir els terminis legals de prescripci\u00f3 que li siguin aplicables.<\/td>\n<\/tr>\n<\/tbody>\n<\/table>\n<p>&nbsp;<\/p>\n<p><strong><br \/>\nDESTINATARIS DE LES DADES<\/strong><\/p>\n<p>Per complir les finalitats indicades a la present Pol\u00edtica de Privadesa, cal que donem acc\u00e9s a les teves dades personals a terceres parts que ens donen suport en els serveis que t&#8217;oferim (Encarregats de Tractament).<\/p>\n<p>&nbsp;<\/p>\n<p>Els encarregats de tractament per a l&#8217;execuci\u00f3 d&#8217;un contracte o prestaci\u00f3 d&#8217;un servei al Responsable, seguint per aix\u00f2 les seves instruccions en tot moment i assegurant els mateixos nivells de seguretat.<\/p>\n<p>&nbsp;<\/p>\n<p><strong>DRETS DELS USUARIS<\/strong><\/p>\n<p>L&#8217;usuari hi t\u00e9 dret a:<\/p>\n<ul>\n<li>Sol\u00b7licitar l&#8217;acc\u00e9s a les vostres dades personals que s&#8217;estan tractant i rebre aquesta informaci\u00f3 per escrit pel mitj\u00e0 sol\u00b7licitat.<\/li>\n<li>Sol\u00b7licitar la rectificaci\u00f3 de les dades personals inexactes o, si escau, sol\u00b7licitar-ne la supressi\u00f3 quan, entre altres motius, les dades ja no siguin necess\u00e0ries per a la finalitat per les quals van ser recollides.<\/li>\n<li>Sol\u00b7licitar la limitaci\u00f3 del tractament de les vostres dades.<\/li>\n<li>Oposar-se al tractament de les vostres dades personals quan escaigui, cas en qu\u00e8 es deixaran de tractar les vostres dades excepte per motius leg\u00edtims.<\/li>\n<li>Dret a la portabilitat de les vostres dades personals quan el tractament estigui basat en un consentiment i s&#8217;efectu\u00ef per mitjans automatitzats. les dades es lliuraran de forma estructurada, \u00fas com\u00fa i lectura mec\u00e0nica.<\/li>\n<li>Dret a retirar el consentiment prestat.<\/li>\n<li>Dret a reclamar davant de l&#8217;ag\u00e8ncia espanyola de protecci\u00f3 de dades.<\/li>\n<\/ul>\n<p>&nbsp;<\/p>\n<p>L&#8217;Usuari pot exercir els drets anteriorment indicats a l&#8217;adre\u00e7a de correu postal o electr\u00f2nica del Responsable, acreditant la seva identitat amb una c\u00f2pia escanejada del DNI o document equivalent, i especificant el dret que voleu exercir.<\/p>\n<p><strong><br \/>\nPROCED\u00c8NCIA DE LES DADES<\/strong><\/p>\n<p>Les dades personals seran facilitades pel propi interessat de manera absolutament volunt\u00e0ria. La manca de facilitar determinades dades o preguntes que poguessin formular-se en els processos de registre o en els diferents formularis electr\u00f2nics que se li presentin a l&#8217;Usuari, pot provocar la impossibilitat d&#8217;acc\u00e9s a determinats serveis per a la prestaci\u00f3 dels quals \u00e9s imprescindible disposar de les dades de car\u00e0cter personal , en aquest cas El Responsable informar\u00e0 del car\u00e0cter obligatori i\/o necessari de facilitar les dades personals per al funcionament del servei.<\/p>\n<p>El Responsable us assegura la confidencialitat de les vostres dades personals i us garanteix la seguretat d&#8217;aquestes, adoptant les mesures necess\u00e0ries per evitar la vostra alteraci\u00f3, p\u00e8rdua, tractament o acc\u00e9s no autoritzat.<\/p>\n<p><strong>INFORMACI\u00d3 FACILITADA PER L&#8217;USUARI<\/strong><\/p>\n<p>Els i les menors de 18 anys no poden cedir les seves dades personals sense el consentiment previ del seu pare\/mare i\/o tutors legals.<\/p>\n<p>Els Usuaris, introduint les seves dades als formularis de contacte o presentats en formularis de desc\u00e0rrega, accepten expressament i de forma lliure i inequ\u00edvoca, que les seves dades s\u00f3n necess\u00e0ries per atendre la seva petici\u00f3, per part del Responsable, sent volunt\u00e0ria la inclusi\u00f3 de dades als camps restants.<\/p>\n<p>L&#8217;Usuari garanteix que les dades personals facilitades s\u00f3n veraces i es fa responsable de comunicar-ne qualsevol modificaci\u00f3.<\/p>\n<p>Totes les dades sol\u00b7licitades a trav\u00e9s del lloc web s\u00f3n necess\u00e0ries per prestar un servei \u00f2ptim a l&#8217;Usuari. En cas que no siguin facilitades totes les dades, no es garanteix que la informaci\u00f3 i els serveis que El Responsable li faciliti, siguin completament ajustats a les seves necessitats.<\/p>\n<p><strong><br \/>\nMESURES DE SEGURETAT<\/strong><\/p>\n<p>Que de conformitat amb el que disposen les normatives vigents en mat\u00e8ria de protecci\u00f3 de dades personals, El Responsable est\u00e0 complint amb totes les disposicions de les normatives RGPD i LOPDGDD per al tractament de les dades personals de la seva responsabilitat, les quals s\u00f3n tractats de manera l\u00edcita, lleial i transparent en relaci\u00f3 amb l&#8217;interessat i adequats, pertinents i limitats al necessari en relaci\u00f3 amb els fins per als quals s\u00f3n tractats<\/p>\n<p>El Responsable garanteix que ha implementat pol\u00edtiques t\u00e8cniques i organitzatives apropiades per aplicar les mesures de seguretat que estableixen el RGPD i la LOPDGDD per tal de protegir els drets i les llibertats dels Usuaris i els ha comunicat la informaci\u00f3 adequada perqu\u00e8 puguin exercir-los.<\/p>\n<p><strong><br \/>\nBRETXES DE SEGURETAT<\/strong><\/p>\n<p>El Responsable informar\u00e0 sobre qualsevol bretxa de seguretat que afecti la base de dades que utilitza aquest lloc web, o que afecti qualsevol dels nostres serveis de tercers, totes i cadascuna de les persones, dades de les quals puguin haver estat afectades, i autoritats, dins de les 72 hores seg\u00fcents a la detecci\u00f3 de la bretxa.<\/p>\n<p>&nbsp;<\/p>\n<p><strong>LEGISLACI\u00d3 APLICABLE I JURISDICCI\u00d3<\/strong><\/p>\n<p>Es reserva la facultat de presentar les accions civils o penals que consideri necess\u00e0ries per a la utilitzaci\u00f3 indeguda del Lloc Web i Continguts.<\/p>\n<p>La relaci\u00f3 entre l&#8217;Usuari i el Responsable es regir\u00e0 per la normativa vigent i aplicable al territori espanyol. Si sorgeix qualsevol controv\u00e8rsia en relaci\u00f3 amb la interpretaci\u00f3 i\/o l&#8217;aplicaci\u00f3, les parts sotmetran els seus conflictes a la jurisdicci\u00f3 ordin\u00e0ria sotmetent-se als jutges i tribunals que corresponguin d&#8217;acord amb el dret.<\/p>\n<p>&nbsp;<\/p>\n<p>&nbsp;<\/p>\n","protected":false},"excerpt":{"rendered":"<p>HOT PINT SOLUCIONS, S.L., informa els usuaris del lloc web sobre la seva pol\u00edtica respecte al tractament i protecci\u00f3 de les dades de car\u00e0cter personal dels usuaris i clients. I garanteix en tot moment l&#8217;\u00edntegre i ple compliment de les obligacions disposades per la normativa de protecci\u00f3 de dades i serveis de la societat de [&hellip;]<\/p>\n","protected":false},"author":2,"featured_media":0,"parent":0,"menu_order":0,"comment_status":"closed","ping_status":"closed","template":"","meta":{"_et_pb_use_builder":"","_et_pb_old_content":"","_et_gb_content_width":"","footnotes":""},"class_list":["post-84","page","type-page","status-publish","hentry"],"yoast_head":"<!-- This site is optimized with the Yoast SEO Premium plugin v20.10 (Yoast SEO v25.5) - https:\/\/yoast.com\/wordpress\/plugins\/seo\/ -->\n<title>Pol\u00edtica de privacitat | Hotpint Solucions<\/title>\n<meta name=\"robots\" content=\"noindex, nofollow\" \/>\n<meta property=\"og:locale\" content=\"ca_ES\" \/>\n<meta property=\"og:type\" content=\"article\" \/>\n<meta property=\"og:title\" content=\"Pol\u00edtica de privacitat\" \/>\n<meta property=\"og:description\" content=\"HOT PINT SOLUCIONS, S.L., informa els usuaris del lloc web sobre la seva pol\u00edtica respecte al tractament i protecci\u00f3 de les dades de car\u00e0cter personal dels usuaris i clients. I garanteix en tot moment l&#8217;\u00edntegre i ple compliment de les obligacions disposades per la normativa de protecci\u00f3 de dades i serveis de la societat de [&hellip;]\" \/>\n<meta property=\"og:url\" content=\"https:\/\/hotpint.com\/cat\/politica-de-privacitat\/\" \/>\n<meta property=\"og:site_name\" content=\"Hotpint Solucions\" \/>\n<meta property=\"article:modified_time\" content=\"2023-04-29T17:56:58+00:00\" \/>\n<meta name=\"twitter:card\" content=\"summary_large_image\" \/>\n<meta name=\"twitter:label1\" content=\"Temps estimat de lectura\" \/>\n\t<meta name=\"twitter:data1\" content=\"7 minuts\" \/>\n<script type=\"application\/ld+json\" class=\"yoast-schema-graph\">{\"@context\":\"https:\/\/schema.org\",\"@graph\":[{\"@type\":\"WebPage\",\"@id\":\"https:\/\/hotpint.com\/cat\/politica-de-privacitat\/\",\"url\":\"https:\/\/hotpint.com\/cat\/politica-de-privacitat\/\",\"name\":\"Pol\u00edtica de privacitat | Hotpint Solucions\",\"isPartOf\":{\"@id\":\"https:\/\/hotpint.com\/cat\/#website\"},\"datePublished\":\"2022-03-24T09:04:55+00:00\",\"dateModified\":\"2023-04-29T17:56:58+00:00\",\"breadcrumb\":{\"@id\":\"https:\/\/hotpint.com\/cat\/politica-de-privacitat\/#breadcrumb\"},\"inLanguage\":\"ca\",\"potentialAction\":[{\"@type\":\"ReadAction\",\"target\":[\"https:\/\/hotpint.com\/cat\/politica-de-privacitat\/\"]}]},{\"@type\":\"BreadcrumbList\",\"@id\":\"https:\/\/hotpint.com\/cat\/politica-de-privacitat\/#breadcrumb\",\"itemListElement\":[{\"@type\":\"ListItem\",\"position\":1,\"name\":\"Portada\",\"item\":\"https:\/\/hotpint.com\/cat\/\"},{\"@type\":\"ListItem\",\"position\":2,\"name\":\"Pol\u00edtica de privacitat\"}]},{\"@type\":\"WebSite\",\"@id\":\"https:\/\/hotpint.com\/cat\/#website\",\"url\":\"https:\/\/hotpint.com\/cat\/\",\"name\":\"Hotpint Solucions\",\"description\":\"Experts en l&#039;acabat i el manipulat de productes metal\u00b7l\u00fargics manufacturats\",\"potentialAction\":[{\"@type\":\"SearchAction\",\"target\":{\"@type\":\"EntryPoint\",\"urlTemplate\":\"https:\/\/hotpint.com\/cat\/?s={search_term_string}\"},\"query-input\":{\"@type\":\"PropertyValueSpecification\",\"valueRequired\":true,\"valueName\":\"search_term_string\"}}],\"inLanguage\":\"ca\"}]}<\/script>\n<!-- \/ Yoast SEO Premium plugin. -->","yoast_head_json":{"title":"Pol\u00edtica de privacitat | Hotpint Solucions","robots":{"index":"noindex","follow":"nofollow"},"og_locale":"ca_ES","og_type":"article","og_title":"Pol\u00edtica de privacitat","og_description":"HOT PINT SOLUCIONS, S.L., informa els usuaris del lloc web sobre la seva pol\u00edtica respecte al tractament i protecci\u00f3 de les dades de car\u00e0cter personal dels usuaris i clients. I garanteix en tot moment l&#8217;\u00edntegre i ple compliment de les obligacions disposades per la normativa de protecci\u00f3 de dades i serveis de la societat de [&hellip;]","og_url":"https:\/\/hotpint.com\/cat\/politica-de-privacitat\/","og_site_name":"Hotpint Solucions","article_modified_time":"2023-04-29T17:56:58+00:00","twitter_card":"summary_large_image","twitter_misc":{"Temps estimat de lectura":"7 minuts"},"schema":{"@context":"https:\/\/schema.org","@graph":[{"@type":"WebPage","@id":"https:\/\/hotpint.com\/cat\/politica-de-privacitat\/","url":"https:\/\/hotpint.com\/cat\/politica-de-privacitat\/","name":"Pol\u00edtica de privacitat | Hotpint Solucions","isPartOf":{"@id":"https:\/\/hotpint.com\/cat\/#website"},"datePublished":"2022-03-24T09:04:55+00:00","dateModified":"2023-04-29T17:56:58+00:00","breadcrumb":{"@id":"https:\/\/hotpint.com\/cat\/politica-de-privacitat\/#breadcrumb"},"inLanguage":"ca","potentialAction":[{"@type":"ReadAction","target":["https:\/\/hotpint.com\/cat\/politica-de-privacitat\/"]}]},{"@type":"BreadcrumbList","@id":"https:\/\/hotpint.com\/cat\/politica-de-privacitat\/#breadcrumb","itemListElement":[{"@type":"ListItem","position":1,"name":"Portada","item":"https:\/\/hotpint.com\/cat\/"},{"@type":"ListItem","position":2,"name":"Pol\u00edtica de privacitat"}]},{"@type":"WebSite","@id":"https:\/\/hotpint.com\/cat\/#website","url":"https:\/\/hotpint.com\/cat\/","name":"Hotpint Solucions","description":"Experts en l&#039;acabat i el manipulat de productes metal\u00b7l\u00fargics manufacturats","potentialAction":[{"@type":"SearchAction","target":{"@type":"EntryPoint","urlTemplate":"https:\/\/hotpint.com\/cat\/?s={search_term_string}"},"query-input":{"@type":"PropertyValueSpecification","valueRequired":true,"valueName":"search_term_string"}}],"inLanguage":"ca"}]}},"_links":{"self":[{"href":"https:\/\/hotpint.com\/cat\/wp-json\/wp\/v2\/pages\/84"}],"collection":[{"href":"https:\/\/hotpint.com\/cat\/wp-json\/wp\/v2\/pages"}],"about":[{"href":"https:\/\/hotpint.com\/cat\/wp-json\/wp\/v2\/types\/page"}],"author":[{"embeddable":true,"href":"https:\/\/hotpint.com\/cat\/wp-json\/wp\/v2\/users\/2"}],"replies":[{"embeddable":true,"href":"https:\/\/hotpint.com\/cat\/wp-json\/wp\/v2\/comments?post=84"}],"version-history":[{"count":6,"href":"https:\/\/hotpint.com\/cat\/wp-json\/wp\/v2\/pages\/84\/revisions"}],"predecessor-version":[{"id":558,"href":"https:\/\/hotpint.com\/cat\/wp-json\/wp\/v2\/pages\/84\/revisions\/558"}],"wp:attachment":[{"href":"https:\/\/hotpint.com\/cat\/wp-json\/wp\/v2\/media?parent=84"}],"curies":[{"name":"wp","href":"https:\/\/api.w.org\/{rel}","templated":true}]}}